{"id":26,"date":"2026-03-05T07:56:21","date_gmt":"2026-03-05T06:56:21","guid":{"rendered":"http:\/\/192.168.1.135\/?page_id=26"},"modified":"2026-03-06T08:49:30","modified_gmt":"2026-03-06T07:49:30","slug":"about","status":"publish","type":"page","link":"https:\/\/zeeen.xyz\/index.php\/about\/","title":{"rendered":"Zeeen.FR"},"content":{"rendered":"\n<h2 class=\"wp-block-heading has-large-font-size\" id=\"inspiro-is-a-digital-product-agency-that-focuses-on-strategy-and-design\" style=\"font-style:normal;font-weight:100\"><strong>2001 Cr\u00e9ation de l&rsquo;association Impasse Mousseau dans le 93 ..<\/strong><\/h2>\n\n\n\n<div style=\"height:100px\" aria-hidden=\"true\" class=\"wp-block-spacer\"><\/div>\n\n\n\n<div class=\"wp-block-columns alignwide is-layout-flex wp-container-core-columns-is-layout-28f84493 wp-block-columns-is-layout-flex\">\n<div class=\"wp-block-column is-layout-flow wp-block-column-is-layout-flow\">\n<figure class=\"wp-block-embed alignwide is-type-video is-provider-youtube wp-block-embed-youtube wp-embed-aspect-4-3 wp-has-aspect-ratio\"><div class=\"wp-block-embed__wrapper\">\n<iframe loading=\"lazy\" title=\"Tahiti 80 - Heartbeat\" width=\"500\" height=\"375\" src=\"https:\/\/www.youtube.com\/embed\/ByPkulIOog0?feature=oembed\" frameborder=\"0\" allow=\"accelerometer; autoplay; clipboard-write; encrypted-media; gyroscope; picture-in-picture; web-share\" referrerpolicy=\"strict-origin-when-cross-origin\" allowfullscreen><\/iframe>\n<\/div><\/figure>\n\n\n\n<p class=\"has-black-color has-text-color has-medium-font-size\"><a href=\"#\">Plusieurs projets de formation pour les adh\u00e9rents<\/a><\/p>\n\n\n\n<p class=\"has-text-color\" style=\"color:#7a7a7a\"> 2003 tournage et productions avec les Films 9 du clip Tahiti 80 &#8211; Heartbeat.<\/p>\n<\/div>\n\n\n\n<div class=\"wp-block-column is-layout-flow wp-block-column-is-layout-flow\">\n<figure class=\"wp-block-embed alignwide is-type-video is-provider-youtube wp-block-embed-youtube wp-embed-aspect-4-3 wp-has-aspect-ratio\"><div class=\"wp-block-embed__wrapper\">\n<iframe loading=\"lazy\" title=\"Marie la Dondaine - Anthony Chaplain\" width=\"500\" height=\"375\" src=\"https:\/\/www.youtube.com\/embed\/uzpK-led2T0?feature=oembed\" frameborder=\"0\" allow=\"accelerometer; autoplay; clipboard-write; encrypted-media; gyroscope; picture-in-picture; web-share\" referrerpolicy=\"strict-origin-when-cross-origin\" allowfullscreen><\/iframe>\n<\/div><\/figure>\n\n\n\n<div class=\"wp-block-group is-nowrap is-layout-flex wp-container-core-group-is-layout-6c531013 wp-block-group-is-layout-flex\">\n<figure class=\"wp-block-embed alignwide is-type-video is-provider-youtube wp-block-embed-youtube wp-embed-aspect-4-3 wp-has-aspect-ratio\"><div class=\"wp-block-embed__wrapper\">\n<iframe loading=\"lazy\" title=\"Tahiti 80 - Heartbeat\" width=\"500\" height=\"375\" src=\"https:\/\/www.youtube.com\/embed\/ByPkulIOog0?feature=oembed\" frameborder=\"0\" allow=\"accelerometer; autoplay; clipboard-write; encrypted-media; gyroscope; picture-in-picture; web-share\" referrerpolicy=\"strict-origin-when-cross-origin\" allowfullscreen><\/iframe>\n<\/div><\/figure>\n<\/div>\n\n\n\n<p class=\"has-black-color has-text-color has-medium-font-size\"><a href=\"#\">2004 La cr\u00e9ation RT Productions<\/a><\/p>\n\n\n\n<p class=\"has-text-color\" style=\"color:#7a7a7a\">Partenariat avec Sony Label Epic<\/p>\n\n\n\n<p> Clip Marie la dondaine <\/p>\n\n\n\n<p><\/p>\n<\/div>\n\n\n\n<div class=\"wp-block-column is-layout-flow wp-block-column-is-layout-flow\">\n<figure class=\"wp-block-image size-full\"><img loading=\"lazy\" decoding=\"async\" width=\"640\" height=\"640\" src=\"http:\/\/192.168.1.135\/wp-content\/uploads\/2026\/03\/WanVideo2_1_InfiniteTalk_00015.png\" alt=\"\" class=\"wp-image-6813\" srcset=\"https:\/\/zeeen.xyz\/wp-content\/uploads\/2026\/03\/WanVideo2_1_InfiniteTalk_00015.png 640w, https:\/\/zeeen.xyz\/wp-content\/uploads\/2026\/03\/WanVideo2_1_InfiniteTalk_00015-300x300.png 300w, https:\/\/zeeen.xyz\/wp-content\/uploads\/2026\/03\/WanVideo2_1_InfiniteTalk_00015-150x150.png 150w\" sizes=\"auto, (max-width: 640px) 100vw, 640px\" \/><\/figure>\n\n\n\n<p class=\"has-black-color has-text-color has-medium-font-size\"><a href=\"#\">Services<\/a><\/p>\n\n\n\n<p class=\"has-text-color\" style=\"color:#7a7a7a\">LIEN SUR LE SITE <a href=\"http:\/\/www.zeeen.fr\" data-type=\"page\" data-id=\"26\">ZEEEN.FR<\/a> <\/p>\n\n\n\n<p>VOUS DONNERA PLSU DE DEMO<\/p>\n\n\n\n<p>SUR LES PROJETS D&rsquo;APPRENTISAGE DES ADHERENTS AVANT 2022,<\/p>\n<\/div>\n<\/div>\n\n\n\n<div class=\"wp-block-columns is-layout-flex wp-container-core-columns-is-layout-28f84493 wp-block-columns-is-layout-flex\">\n<div class=\"wp-block-column is-layout-flow wp-block-column-is-layout-flow\" style=\"flex-basis:100%\"><\/div>\n<\/div>\n\n\n\n<div style=\"height:100px\" aria-hidden=\"true\" class=\"wp-block-spacer\"><\/div>\n\n\n\n<div class=\"wp-block-cover alignfull\" style=\"padding-top:50px;padding-right:50px;padding-bottom:50px;padding-left:50px;min-height:316px;aspect-ratio:unset;\"><span aria-hidden=\"true\" class=\"wp-block-cover__background has-black-background-color has-background-dim-100 has-background-dim\"><\/span><div class=\"wp-block-cover__inner-container is-layout-flow wp-block-cover-is-layout-flow\">\n<div class=\"wp-block-columns are-vertically-aligned-center is-layout-flex wp-container-core-columns-is-layout-28f84493 wp-block-columns-is-layout-flex\">\n<div class=\"wp-block-column is-vertically-aligned-center is-layout-flow wp-block-column-is-layout-flow\" style=\"padding-top:20px;padding-right:0px;padding-bottom:20px;padding-left:0px\">\n<div class=\"wp-block-group is-content-justification-space-between is-nowrap is-layout-flex wp-container-core-group-is-layout-bb3dfb5c wp-block-group-is-layout-flex\">\n<figure class=\"wp-block-image size-full\"><img decoding=\"async\" src=\"http:\/\/192.168.1.135\/wp-content\/themes\/inspiro\/assets\/images\/laurel_left.png\" alt=\"\"\/><\/figure>\n\n\n\n<div class=\"wp-block-group is-layout-flow wp-block-group-is-layout-flow\">\n<p class=\"has-text-align-center has-white-color has-text-color\" style=\"font-size:clamp(14px, 0.875rem + ((1vw - 3.2px) * 0.392), 18px);line-height:1\"><strong>\u00ab\u00a0Best Film\u00a0\u00bb<br><\/strong>Winner<\/p>\n<\/div>\n\n\n\n<figure class=\"wp-block-image size-full\"><img decoding=\"async\" src=\"http:\/\/192.168.1.135\/wp-content\/themes\/inspiro\/assets\/images\/laurel_right.png\" alt=\"\"\/><\/figure>\n<\/div>\n<\/div>\n\n\n\n<div class=\"wp-block-column is-vertically-aligned-center is-layout-flow wp-block-column-is-layout-flow\" style=\"padding-top:20px;padding-right:0px;padding-bottom:20px;padding-left:0px\">\n<div class=\"wp-block-group is-content-justification-space-between is-nowrap is-layout-flex wp-container-core-group-is-layout-bb3dfb5c wp-block-group-is-layout-flex\">\n<figure class=\"wp-block-image size-full\"><img decoding=\"async\" src=\"http:\/\/192.168.1.135\/wp-content\/themes\/inspiro\/assets\/images\/laurel_left.png\" alt=\"\"\/><\/figure>\n\n\n\n<div class=\"wp-block-group is-layout-flow wp-block-group-is-layout-flow\">\n<p class=\"has-text-align-center has-white-color has-text-color\" style=\"font-size:clamp(14px, 0.875rem + ((1vw - 3.2px) * 0.392), 18px);line-height:1\"><strong>\u00ab\u00a0New Film Festival\u00a0\u00bb<\/strong><br>Winner<\/p>\n<\/div>\n\n\n\n<figure class=\"wp-block-image size-full\"><img decoding=\"async\" src=\"http:\/\/192.168.1.135\/wp-content\/themes\/inspiro\/assets\/images\/laurel_right.png\" alt=\"\"\/><\/figure>\n<\/div>\n<\/div>\n\n\n\n<div class=\"wp-block-column is-vertically-aligned-center is-layout-flow wp-block-column-is-layout-flow\" style=\"padding-top:20px;padding-right:0px;padding-bottom:20px;padding-left:0px\">\n<div class=\"wp-block-group is-content-justification-space-between is-nowrap is-layout-flex wp-container-core-group-is-layout-bb3dfb5c wp-block-group-is-layout-flex\">\n<figure class=\"wp-block-image size-full\"><img decoding=\"async\" src=\"http:\/\/192.168.1.135\/wp-content\/themes\/inspiro\/assets\/images\/laurel_left.png\" alt=\"\"\/><\/figure>\n\n\n\n<div class=\"wp-block-group is-layout-flow wp-block-group-is-layout-flow\">\n<p class=\"has-text-align-center has-white-color has-text-color\" style=\"font-size:clamp(14px, 0.875rem + ((1vw - 3.2px) * 0.392), 18px);line-height:1\"><strong>\u00ab\u00a0Best Short\u00a0\u00bb<\/strong><br>Winner<\/p>\n<\/div>\n\n\n\n<figure class=\"wp-block-image size-full\"><img decoding=\"async\" src=\"http:\/\/192.168.1.135\/wp-content\/themes\/inspiro\/assets\/images\/laurel_right.png\" alt=\"\"\/><\/figure>\n<\/div>\n<\/div>\n<\/div>\n<\/div><\/div>\n","protected":false},"excerpt":{"rendered":"<p>2001 Cr\u00e9ation de l&rsquo;association Impasse Mousseau dans le 93 .. Plusieurs projets de formation pour les adh\u00e9rents 2003 tournage et productions avec les Films 9 du clip Tahiti 80 &#8211; Heartbeat. 2004 La cr\u00e9ation RT Productions Partenariat avec Sony Label Epic Clip Marie la dondaine Services LIEN SUR LE SITE ZEEEN.FR VOUS DONNERA PLSU DE [&hellip;]<\/p>\n","protected":false},"author":1,"featured_media":6799,"parent":0,"menu_order":0,"comment_status":"closed","ping_status":"closed","template":"","meta":{"footnotes":""},"class_list":["post-26","page","type-page","status-publish","has-post-thumbnail","hentry"],"_links":{"self":[{"href":"https:\/\/zeeen.xyz\/index.php\/wp-json\/wp\/v2\/pages\/26","targetHints":{"allow":["GET"]}}],"collection":[{"href":"https:\/\/zeeen.xyz\/index.php\/wp-json\/wp\/v2\/pages"}],"about":[{"href":"https:\/\/zeeen.xyz\/index.php\/wp-json\/wp\/v2\/types\/page"}],"author":[{"embeddable":true,"href":"https:\/\/zeeen.xyz\/index.php\/wp-json\/wp\/v2\/users\/1"}],"replies":[{"embeddable":true,"href":"https:\/\/zeeen.xyz\/index.php\/wp-json\/wp\/v2\/comments?post=26"}],"version-history":[{"count":5,"href":"https:\/\/zeeen.xyz\/index.php\/wp-json\/wp\/v2\/pages\/26\/revisions"}],"predecessor-version":[{"id":6815,"href":"https:\/\/zeeen.xyz\/index.php\/wp-json\/wp\/v2\/pages\/26\/revisions\/6815"}],"wp:featuredmedia":[{"embeddable":true,"href":"https:\/\/zeeen.xyz\/index.php\/wp-json\/wp\/v2\/media\/6799"}],"wp:attachment":[{"href":"https:\/\/zeeen.xyz\/index.php\/wp-json\/wp\/v2\/media?parent=26"}],"curies":[{"name":"wp","href":"https:\/\/api.w.org\/{rel}","templated":true}]}}